{"id":2077,"date":"2024-05-10T21:01:09","date_gmt":"2024-05-10T19:01:09","guid":{"rendered":"https:\/\/www.feinmechanik-leipold.de\/produkt\/terminaison-du-guide-dondes\/"},"modified":"2024-05-10T21:01:09","modified_gmt":"2024-05-10T19:01:09","slug":"terminaison-du-guide-dondes","status":"publish","type":"product","link":"https:\/\/www.feinmechanik-leipold.de\/fr\/produkt\/terminaison-du-guide-dondes\/","title":{"rendered":"Terminaison du guide d\u2019ondes"},"content":{"rendered":"<p>Nos Terminaisons de guide d\u2019ondes ont une longueur de 1&Prime; et sont disponibles entre 50 GHz et 1700 GHz. Ils sont tous fabriqu\u00e9s \u00e0 l\u2019aide de la technologie des \u00ab\u00a0bloc divis\u00e9\u00a0\u00bb, ce qui les rend tr\u00e8s pr\u00e9cis, tr\u00e8s robustes et prot\u00e9g\u00e9s contre la flexion et la torsion. En raison de cette technique de fabrication et de la haute pr\u00e9cision, ils offrent un excellent ROS. Les charges du guide d\u2019ondes sont \u00e9quip\u00e9es de bride UG387\/U-M en standard et plaqu\u00e9es or. Les demandes particuli\u00e8res peuvent \u00eatre prises en compte \u00e0 tout moment.    <\/p>\n<h2>Caract\u00e9ristiques<\/h2>\n<ul>\n<li>Fr\u00e9quence: 50 GHz \u00e0 1700 GHz<\/li>\n<li>Design robuste et \u00e9l\u00e9gant<\/li>\n<li>Fabriqu\u00e9 en technologie de bloc divis\u00e9<\/li>\n<li>excellent ROS<\/li>\n<\/ul>\n<h2>Applications<\/h2>\n<ul>\n<li>Applications de mesure de haute pr\u00e9cision<\/li>\n<li>Mesure et instrumentation<\/li>\n<li>Mesures VNA<\/li>\n<li>Terminaison du guide d\u2019ondes<\/li>\n<li>&#8211; \u00c9talon d\u2019\u00e9talonnage<\/li>\n<li>excellent VSWR<\/li>\n<\/ul>\n<h2>Sp\u00e9cifications<\/h2>\n<table>\n<thead>\n<tr>\n<th>D\u00e9signation du guide d\u2019ondes<\/th>\n<th>Fr\u00e9quence [GHz]<\/th>\n<th>S11 typ. [dB]<\/th>\n<th>Pin max. [mW]<\/th>\n<th>Num\u00e9ro de pi\u00e8ce<\/th>\n<\/tr>\n<\/thead>\n<tbody>\n<tr>\n<td>WR 15<\/td>\n<td>50-75<\/td>\n<td>&lt;-35<\/td>\n<td>500<\/td>\n<td>00001584<\/td>\n<\/tr>\n<tr>\n<td>WR 12<\/td>\n<td>60-90<\/td>\n<td>&lt;-35<\/td>\n<td>500<\/td>\n<td>  00001585<\/td>\n<\/tr>\n<tr>\n<td>WR 10<\/td>\n<td>75-110<\/td>\n<td>&lt;-35<\/td>\n<td>500<\/td>\n<td>  00001586<\/td>\n<\/tr>\n<tr>\n<td>WR 8<\/td>\n<td>90-140<\/td>\n<td>&lt;-35<\/td>\n<td>500<\/td>\n<td>  00001587<\/td>\n<\/tr>\n<tr>\n<td>WR 6.5<\/td>\n<td>110-170<\/td>\n<td>&lt;-35<\/td>\n<td>500<\/td>\n<td>  00001588<\/td>\n<\/tr>\n<tr>\n<td>WR 5.1<\/td>\n<td>140-220<\/td>\n<td>&lt;-35<\/td>\n<td>500<\/td>\n<td>  00001589<\/td>\n<\/tr>\n<tr>\n<td>WR 3.4<\/td>\n<td>220-330<\/td>\n<td>&lt;-30<\/td>\n<td>500<\/td>\n<td>  00001590<\/td>\n<\/tr>\n<tr>\n<td>WR 2.2<\/td>\n<td>330-500<\/td>\n<td>&lt;-30<\/td>\n<td>500<\/td>\n<td>  00001591<\/td>\n<\/tr>\n<tr>\n<td>WR 1.5<\/td>\n<td>500-750<\/td>\n<td>&lt;-20<\/td>\n<td>100<\/td>\n<td>  00001592<\/td>\n<\/tr>\n<tr>\n<td>WR 1<\/td>\n<td>750-1100<\/td>\n<td>&lt;-20<\/td>\n<td>100<\/td>\n<td>  00001593<\/td>\n<\/tr>\n<tr>\n<td>WR 0.65<\/td>\n<td>1100-1700<\/td>\n<td>&lt;-20(estimated)<\/td>\n<td>100<\/td>\n<td>  00001594<\/td>\n<\/tr>\n<\/tbody>\n<\/table>\n<p>Sur demande, nous sommes heureuses de fournir le mod\u00e8le .stp En plus de nos produits standard, chaque composant peut \u00eatre personnalis\u00e9 pour r\u00e9pondre \u00e0 vos besoins sp\u00e9cifiques. Nous sommes heureux de mettre en \u0153uvre des goupilles d\u2019indexation et des brides modifi\u00e9es sur demande. Nos composants de guide d\u2019ondes sont tous fabriqu\u00e9s et assembl\u00e9s dans le cadre d\u2019une coop\u00e9ration franco-allemande. Vous pouvez acheter tous nos produits directement en Allemagne ou en France sans aucun d\u00e9tour.<\/p>\n<h2>Diagramme<\/h2>\n<figure id=\"attachment_1944\" aria-describedby=\"caption-attachment-1944\" style=\"width: 800px\" class=\"wp-caption alignleft\"><img loading=\"lazy\" decoding=\"async\" class=\"size-large wp-image-1944\" src=\"http:\/\/www.feinmechanik-leipold.com\/wp-content\/uploads\/2024\/05\/Waveguide-Load-Return-Loss-Wr2.2-1024x731.jpg\" alt=\"Return Loss WR2.2\" width=\"800\" height=\"571\" srcset=\"https:\/\/www.feinmechanik-leipold.de\/wp-content\/uploads\/2024\/05\/Waveguide-Load-Return-Loss-Wr2.2-1024x731.jpg 1024w, https:\/\/www.feinmechanik-leipold.de\/wp-content\/uploads\/2024\/05\/Waveguide-Load-Return-Loss-Wr2.2-300x214.jpg 300w, https:\/\/www.feinmechanik-leipold.de\/wp-content\/uploads\/2024\/05\/Waveguide-Load-Return-Loss-Wr2.2-768x549.jpg 768w, https:\/\/www.feinmechanik-leipold.de\/wp-content\/uploads\/2024\/05\/Waveguide-Load-Return-Loss-Wr2.2-1536x1097.jpg 1536w, https:\/\/www.feinmechanik-leipold.de\/wp-content\/uploads\/2024\/05\/Waveguide-Load-Return-Loss-Wr2.2-2048x1463.jpg 2048w, https:\/\/www.feinmechanik-leipold.de\/wp-content\/uploads\/2024\/05\/Waveguide-Load-Return-Loss-Wr2.2-600x429.jpg 600w\" sizes=\"auto, (max-width: 800px) 100vw, 800px\" \/><figcaption id=\"caption-attachment-1944\" class=\"wp-caption-text\">Return Loss WR2.2<\/figcaption><\/figure>\n","protected":false},"excerpt":{"rendered":"<p>Nos Terminaisons de guide d\u2019ondes ont une longueur de 1&Prime; et sont disponibles entre 50 GHz et 1700 GHz. Ils sont tous fabriqu\u00e9s \u00e0 l\u2019aide de la technologie des \u00ab\u00a0bloc divis\u00e9\u00a0\u00bb, ce qui les rend tr\u00e8s pr\u00e9cis, tr\u00e8s robustes et prot\u00e9g\u00e9s contre la flexion et la torsion. En raison de cette technique de fabrication et de la haute pr\u00e9cision, ils offrent un excellent ROS. Les charges du guide d\u2019ondes sont \u00e9quip\u00e9es de bride UG387\/U-M en standard et plaqu\u00e9es or. Les demandes particuli\u00e8res peuvent \u00eatre prises en compte \u00e0 tout moment.    <\/p>\n","protected":false},"featured_media":2078,"template":"","meta":[],"product_brand":[],"product_cat":[162],"product_tag":[195,194,167,163,168,166,196,197,192,193],"class_list":{"0":"post-2077","1":"product","2":"type-product","3":"status-publish","4":"has-post-thumbnail","6":"product_cat-guide-dondes-passif","7":"product_tag-etalon-detalonnage","8":"product_tag-absorbeur-de-guide-dondes","9":"product_tag-bloc-divise","10":"product_tag-guide-dondes","11":"product_tag-guide-dondes-de-precision","12":"product_tag-guide-dondes-droit-fr","13":"product_tag-kits-detalonnage","14":"product_tag-kits-detalonnage-de-guide-dondes","15":"product_tag-terminaison-du-guide-dondes","16":"product_tag-terminaison-du-guide-dondes-fr","18":"first","19":"instock","20":"taxable","21":"shipping-taxable","22":"product-type-simple"},"aioseo_notices":[],"_links":{"self":[{"href":"https:\/\/www.feinmechanik-leipold.de\/fr\/wp-json\/wp\/v2\/product\/2077","targetHints":{"allow":["GET"]}}],"collection":[{"href":"https:\/\/www.feinmechanik-leipold.de\/fr\/wp-json\/wp\/v2\/product"}],"about":[{"href":"https:\/\/www.feinmechanik-leipold.de\/fr\/wp-json\/wp\/v2\/types\/product"}],"wp:featuredmedia":[{"embeddable":true,"href":"https:\/\/www.feinmechanik-leipold.de\/fr\/wp-json\/wp\/v2\/media\/2078"}],"wp:attachment":[{"href":"https:\/\/www.feinmechanik-leipold.de\/fr\/wp-json\/wp\/v2\/media?parent=2077"}],"wp:term":[{"taxonomy":"product_brand","embeddable":true,"href":"https:\/\/www.feinmechanik-leipold.de\/fr\/wp-json\/wp\/v2\/product_brand?post=2077"},{"taxonomy":"product_cat","embeddable":true,"href":"https:\/\/www.feinmechanik-leipold.de\/fr\/wp-json\/wp\/v2\/product_cat?post=2077"},{"taxonomy":"product_tag","embeddable":true,"href":"https:\/\/www.feinmechanik-leipold.de\/fr\/wp-json\/wp\/v2\/product_tag?post=2077"}],"curies":[{"name":"wp","href":"https:\/\/api.w.org\/{rel}","templated":true}]}}